{"id":1834,"date":"2019-08-28T15:40:48","date_gmt":"2019-08-28T13:40:48","guid":{"rendered":"http:\/\/epirus-berlin.com\/?page_id=1834"},"modified":"2019-10-08T20:27:17","modified_gmt":"2019-10-08T18:27:17","slug":"impressum","status":"publish","type":"page","link":"https:\/\/epirus-berlin.com\/?page_id=1834","title":{"rendered":"Impressum"},"content":{"rendered":"\t\t<div data-elementor-type=\"wp-post\" data-elementor-id=\"1834\" class=\"elementor elementor-1834\">\n\t\t\t\t\t\t<section class=\"elementor-section elementor-top-section elementor-element elementor-element-2f7c011 elementor-section-boxed elementor-section-height-default elementor-section-height-default\" data-id=\"2f7c011\" data-element_type=\"section\" data-e-type=\"section\">\n\t\t\t\t\t\t<div class=\"elementor-container elementor-column-gap-default\">\n\t\t\t\t\t<div class=\"elementor-column elementor-col-100 elementor-top-column elementor-element elementor-element-170ac49\" data-id=\"170ac49\" data-element_type=\"column\" data-e-type=\"column\">\n\t\t\t<div class=\"elementor-widget-wrap elementor-element-populated\">\n\t\t\t\t\t\t<div class=\"elementor-element elementor-element-836dd77 elementor-widget elementor-widget-text-editor\" data-id=\"836dd77\" data-element_type=\"widget\" data-e-type=\"widget\" data-widget_type=\"text-editor.default\">\n\t\t\t\t<div class=\"elementor-widget-container\">\n\t\t\t\t\t\t\t\t\t<p><span style=\"font-size: 16.2px;\"><strong>Firma: Epirus<\/strong><br \/><\/span><span style=\"font-style: inherit; font-weight: inherit;\">Inhaber: Konstantinos Xemoliaris<br \/><\/span><span style=\"font-style: inherit; font-weight: inherit;\">Adresse: Ruschestra\u00dfe 64, 10365 Berlin<br \/><\/span><span style=\"font-style: inherit; font-weight: inherit;\">Telefon: 030-57795070<\/span><\/p><p><strong>Haftung f\u00fcr Inhalte und Urheberrecht<\/strong><\/p><p>Die Inhalte unserer Seiten wurden mit gr\u00f6\u00dfter Sorgfalt erstellt. F\u00fcr die Richtigkeit, Vollst\u00e4ndigkeit und Aktualit\u00e4t der Inhalte k\u00f6nnen wir jedoch keine Gew\u00e4hr \u00fcbernehmen. Als Diensteanbieter sind wir gem\u00e4\u00df \u00a7 7 Abs.1 TMG f\u00fcr eigene Inhalte auf diesen Seiten nach den allgemeinen Gesetzen verantwortlich. Nach \u00a7\u00a7 8 bis 10 TMG sind wir als Diensteanbieter jedoch nicht verpflichtet, \u00fcbermittelte oder gespeicherte fremde Informationen zu \u00fcberwachen oder nach Umst\u00e4nden zu forschen, die auf eine rechtswidrige T\u00e4tigkeit hinweisen. Verpflichtungen zur Entfernung oder Sperrung der Nutzung von Informationen nach den allgemeinen Gesetzen bleiben hiervon unber\u00fchrt. Eine diesbez\u00fcgliche Haftung ist jedoch erst ab dem Zeitpunkt der Kenntnis einer konkreten Rechtsverletzung m\u00f6glich. Bei Bekanntwerden von entsprechenden Rechtsverletzungen werden wir diese Inhalte umgehend entfernen.<\/p><p>Die durch die Seitenbetreiber erstellten Inhalte und Werke auf diesen Seiten unterliegen dem deutschen Urheberrecht. Die Vervielf\u00e4ltigung, Bearbeitung, Verbreitung und jede Art der Verwertung au\u00dferhalb der Grenzen des Urheberrechtes bed\u00fcrfen der schriftlichen Zustimmung des jeweiligen Autors bzw. Erstellers. Downloads und Kopien dieser Seite sind nur f\u00fcr den privaten, nicht kommerziellen Gebrauch gestattet. Soweit die Inhalte auf dieser Seite nicht vom Betreiber erstellt wurden, werden die Urheberrechte Dritter beachtet. Insbesondere werden Inhalte Dritter als solche gekennzeichnet. Sollten Sie trotzdem auf eine Urheberrechtsverletzung aufmerksam werden, bitten wir um einen entsprechenden Hinweis. Bei Bekanntwerden von Rechtsverletzungen werden wir derartige Inhalte umgehend entfernen.<\/p><p>Der Nutzung von im Rahmen der Impressumspflicht ver\u00f6ffentlichten Kontaktdaten durch Dritte zur \u00dcbersendung von nicht ausdr\u00fccklich angeforderter Werbung und Informationsmaterialien wird hiermit ausdr\u00fccklich widersprochen. Die Betreiber der Seiten behalten sich ausdr\u00fccklich rechtliche Schritte im Falle der unverlangten Zusendung von Werbeinformationen, etwa durch Spam-Mails, vor.<\/p><p><strong>Datenschutz<\/strong><\/p><p>Wir respektieren und sch\u00fctzen Ihre Privatsph\u00e4re. Daher ist f\u00fcr uns die Beachtung der EU Datenschutz-Grundverordnung (DSGVO) zum Schutz und zur Sicherheit Ihrer pers\u00f6nlichen Daten eine Selbstverst\u00e4ndlichkeit.<\/p><p>Beim Besuch dieser Webseite speichern Server automatisch Daten in sogenannten Log-Files. Diese Daten k\u00f6nnen keiner bestimmten Person zugeordnet werden. Sie beinhalten zum Beispiel den von Ihnen eingesetzten Browser, das Betriebssystem, die URL der verweisenden Seite, die IP-Adresse des anfragenden Rechners, das Zugriffsdatum samt Uhrzeit sowie die Dateianfrage des Client (Dateiname und URL). Diese Daten werden nur zum Zweck der statistischen Auswertung gesammelt und automatisch wieder gel\u00f6scht. Eine Weitergabe an Dritte zu kommerziellen oder nichtkommerziellen Zwecken findet nicht statt.<\/p><p>Die Nutzung unserer Webseite ist in der Regel ohne Angabe personenbezogener Daten m\u00f6glich. Soweit auf unseren Seiten personenbezogene Daten (beispielsweise Name, Anschrift oder eMail-Adressen) erhoben werden, erfolgt dies, soweit m\u00f6glich, stets auf freiwilliger Basis. Ihre zur Verf\u00fcgung gestellten personenbezogenen Daten werden durch Ergreifung von technischen und organisatorischen Ma\u00dfnahmen so gesichert, dass sie f\u00fcr den unberechtigten Zugriff Dritter unzug\u00e4nglich sind und ohne Ihre ausdr\u00fcckliche Zustimmung nicht an Dritte weitergegeben werden.<\/p><p>Sie k\u00f6nnen jederzeit schriftlich nachfragen, ob und welche personenbezogenen Daten \u00fcber Sie gespeichert sind. Eine entsprechende Information hierzu erhalten Sie umgehend. Sofern keine Gr\u00fcnde im Zusammenhang mit einer Gesch\u00e4ftsabwicklung bestehen, k\u00f6nnen Sie jederzeit eine erteilte Einwilligung zur Datenspeicherung schriftlich mit sofortiger Wirkung widerrufen.<\/p><p>Wir weisen darauf hin, dass die Daten\u00fcbertragung im Internet (z.B. bei der Kommunikation per E-Mail) Sicherheitsl\u00fccken aufweisen kann. Ein l\u00fcckenloser Schutz der Daten vor dem Zugriff durch Dritte ist nicht m\u00f6glich.<\/p>\t\t\t\t\t\t\t\t<\/div>\n\t\t\t\t<\/div>\n\t\t\t\t\t<\/div>\n\t\t<\/div>\n\t\t\t\t\t<\/div>\n\t\t<\/section>\n\t\t\t\t<\/div>\n\t\t","protected":false},"excerpt":{"rendered":"<p>Firma: Epirus Inhaber: Konstantinos Xemoliaris Adresse: Ruschestra\u00dfe 64, 10365 Berlin Telefon: 030-57795070 Haftung f\u00fcr Inhalte und Urheberrecht Die Inhalte unserer Seiten wurden mit gr\u00f6\u00dfter Sorgfalt erstellt. F\u00fcr die Richtigkeit, Vollst\u00e4ndigkeit und Aktualit\u00e4t der Inhalte k\u00f6nnen wir jedoch keine Gew\u00e4hr \u00fcbernehmen. Als Diensteanbieter sind wir gem\u00e4\u00df \u00a7 7 Abs.1 TMG f\u00fcr eigene Inhalte auf diesen Seiten [&hellip;]<\/p>\n","protected":false},"author":1,"featured_media":0,"parent":0,"menu_order":0,"comment_status":"closed","ping_status":"closed","template":"page-templates\/pagebuilder.php","meta":{"zakra_page_container_layout":"stretched","zakra_page_sidebar_layout":"no_sidebar","zakra_remove_content_margin":false,"zakra_sidebar":"customizer","zakra_transparent_header":"0","zakra_logo":0,"zakra_main_header_style":"default","zakra_menu_item_color":"","zakra_menu_item_hover_color":"","zakra_menu_item_active_color":"","zakra_menu_active_style":"","zakra_page_header":true,"footnotes":""},"class_list":["post-1834","page","type-page","status-publish","hentry"],"_links":{"self":[{"href":"https:\/\/epirus-berlin.com\/index.php?rest_route=\/wp\/v2\/pages\/1834","targetHints":{"allow":["GET"]}}],"collection":[{"href":"https:\/\/epirus-berlin.com\/index.php?rest_route=\/wp\/v2\/pages"}],"about":[{"href":"https:\/\/epirus-berlin.com\/index.php?rest_route=\/wp\/v2\/types\/page"}],"author":[{"embeddable":true,"href":"https:\/\/epirus-berlin.com\/index.php?rest_route=\/wp\/v2\/users\/1"}],"replies":[{"embeddable":true,"href":"https:\/\/epirus-berlin.com\/index.php?rest_route=%2Fwp%2Fv2%2Fcomments&post=1834"}],"version-history":[{"count":7,"href":"https:\/\/epirus-berlin.com\/index.php?rest_route=\/wp\/v2\/pages\/1834\/revisions"}],"predecessor-version":[{"id":1931,"href":"https:\/\/epirus-berlin.com\/index.php?rest_route=\/wp\/v2\/pages\/1834\/revisions\/1931"}],"wp:attachment":[{"href":"https:\/\/epirus-berlin.com\/index.php?rest_route=%2Fwp%2Fv2%2Fmedia&parent=1834"}],"curies":[{"name":"wp","href":"https:\/\/api.w.org\/{rel}","templated":true}]}}